{"id":882,"date":"2025-08-21T18:34:42","date_gmt":"2025-08-21T18:34:42","guid":{"rendered":"https:\/\/rq-digital.com\/descargo-de-responsabilidad\/"},"modified":"2025-08-21T18:34:42","modified_gmt":"2025-08-21T18:34:42","slug":"descargo-de-responsabilidad","status":"publish","type":"page","link":"https:\/\/rq-digital.com\/pt\/descargo-de-responsabilidad\/","title":{"rendered":"Isen\u00e7\u00e3o de responsabilidade"},"content":{"rendered":"<!-- Legal document generated by Complianz | GDPR\/CCPA Cookie Consent https:\/\/wordpress.org\/plugins\/complianz-gdpr -->\n<div id=\"cmplz-document\" class=\"cmplz-document disclaimer cmplz-document-all\"><p>Randy Quintero tem o compromisso de manter este site atualizado e preciso. Se, no entanto, encontrar algo que esteja incorreto ou desatualizado, agradecer\u00edamos nos informe. Indique onde leu as informa\u00e7\u00f5es no site. De seguida, examinaremos o mais r\u00e1pido poss\u00edvel. Envie sua resposta por e-mail para: <span class=\"cmplz-obfuscate\">&#099;on&#116;&#097;&#099;to@<span class=\"cmplz-fmail-domain\">&#101;&#120;&#046;c&#111;m<\/span>rq&#045;digi&#116;&#097;&#108;&#046;&#099;&#111;&#109;<\/span>.<\/p><p>N\u00e3o nos responsabilizamos por perdas resultantes de imprecis\u00f5es ou informa\u00e7\u00e3o incompleta, nem por perdas causadas por ou inerentes \u00e0 divulga\u00e7\u00e3o de informa\u00e7\u00f5es pela internet, como perturba\u00e7\u00f5es ou interrup\u00e7\u00f5es. Ao usar formul\u00e1rios da web, esfor\u00e7amos-nos para limitar ao m\u00ednimo o n\u00famero de campos obrigat\u00f3rios. Por qualquer perda sofrida como resultado do uso de dados, conselhos ou ideias fornecidos por ou em nome de Randy Quintero atrav\u00e9s deste site, Randy Quintero n\u00e3o se responsabiliza.<\/p><p>Randy Quintero far\u00e1 todos os esfor\u00e7os razo\u00e1veis para proteger os seus sistemas contra qualquer forma de uso ilegal. Randy Quintero deve implementar medidas t\u00e9cnicas e organizacionais adequadas para esse fim, levando em considera\u00e7\u00e3o, entre outras coisas, as melhores tecnologias dispon\u00edveis (estado da arte). No entanto, n\u00e3o ser\u00e1 respons\u00e1vel por qualquer perda, direta e\/ou indireta, sofrida por um utilizador do site que resulte do uso ilegal dos seus sistemas por terceiros.<\/p><p>Randy Quintero n\u00e3o se responsabiliza pelo conte\u00fado dos sites para os quais ou a partir dos quais um link ou outra refer\u00eancia \u00e9 feita. Os produtos ou servi\u00e7os oferecidos por terceiros est\u00e3o sujeitos aos termos e condi\u00e7\u00f5es aplic\u00e1veis desses terceiros.<\/p><p>Os nossos funcion\u00e1rios far\u00e3o todos os esfor\u00e7os para garantir a acessibilidade do nosso site e para melhor\u00e1-lo continuamente. Inclusive para pessoas que usam software especial devido a defici\u00eancia.<\/p><p>Todos os direitos de propriedade intelectual do conte\u00fado deste site pertencem a Randy Quintero.<\/p><p>A c\u00f3pia, dissemina\u00e7\u00e3o e qualquer outro uso desses materiais n\u00e3o s\u00e3o permitidos sem a permiss\u00e3o por escrito de Randy Quintero, exceto e apenas na medida em que estipulado de outra forma nos regulamentos da lei obrigat\u00f3ria (como o direito de citar), a menos que o conte\u00fado espec\u00edfico dite o contr\u00e1rio.<\/p><p>Se tiver d\u00favidas ou problemas com a acessibilidade do site, n\u00e3o hesite em nos contactar.<\/p><\/div>","protected":false},"excerpt":{"rendered":"","protected":false},"author":1,"featured_media":0,"parent":0,"menu_order":0,"comment_status":"closed","ping_status":"closed","template":"","meta":{"_acf_changed":false,"_monsterinsights_skip_tracking":false,"_monsterinsights_sitenote_active":false,"_monsterinsights_sitenote_note":"","_monsterinsights_sitenote_category":0,"site-sidebar-layout":"default","site-content-layout":"","ast-site-content-layout":"default","site-content-style":"default","site-sidebar-style":"default","ast-global-header-display":"","ast-banner-title-visibility":"","ast-main-header-display":"","ast-hfb-above-header-display":"","ast-hfb-below-header-display":"","ast-hfb-mobile-header-display":"","site-post-title":"","ast-breadcrumbs-content":"","ast-featured-img":"","footer-sml-layout":"","ast-disable-related-posts":"","theme-transparent-header-meta":"","adv-header-id-meta":"","stick-header-meta":"","header-above-stick-meta":"","header-main-stick-meta":"","header-below-stick-meta":"","astra-migrate-meta-layouts":"default","ast-page-background-enabled":"default","ast-page-background-meta":{"desktop":{"background-color":"var(--ast-global-color-5)","background-image":"","background-repeat":"repeat","background-position":"center center","background-size":"auto","background-attachment":"scroll","background-type":"","background-media":"","overlay-type":"","overlay-color":"","overlay-opacity":"","overlay-gradient":""},"tablet":{"background-color":"","background-image":"","background-repeat":"repeat","background-position":"center center","background-size":"auto","background-attachment":"scroll","background-type":"","background-media":"","overlay-type":"","overlay-color":"","overlay-opacity":"","overlay-gradient":""},"mobile":{"background-color":"","background-image":"","background-repeat":"repeat","background-position":"center center","background-size":"auto","background-attachment":"scroll","background-type":"","background-media":"","overlay-type":"","overlay-color":"","overlay-opacity":"","overlay-gradient":""}},"ast-content-background-meta":{"desktop":{"background-color":"var(--ast-global-color-4)","background-image":"","background-repeat":"repeat","background-position":"center center","background-size":"auto","background-attachment":"scroll","background-type":"","background-media":"","overlay-type":"","overlay-color":"","overlay-opacity":"","overlay-gradient":""},"tablet":{"background-color":"var(--ast-global-color-4)","background-image":"","background-repeat":"repeat","background-position":"center center","background-size":"auto","background-attachment":"scroll","background-type":"","background-media":"","overlay-type":"","overlay-color":"","overlay-opacity":"","overlay-gradient":""},"mobile":{"background-color":"var(--ast-global-color-4)","background-image":"","background-repeat":"repeat","background-position":"center center","background-size":"auto","background-attachment":"scroll","background-type":"","background-media":"","overlay-type":"","overlay-color":"","overlay-opacity":"","overlay-gradient":""}},"footnotes":""},"class_list":["post-882","page","type-page","status-publish","hentry"],"acf":[],"yoast_head":"<!-- This site is optimized with the Yoast SEO Premium plugin v25.6 (Yoast SEO v27.0) - https:\/\/yoast.com\/product\/yoast-seo-premium-wordpress\/ -->\n<title>Descargo de responsabilidad - RQ DIGITAL<\/title>\n<meta name=\"robots\" content=\"index, follow, max-snippet:-1, max-image-preview:large, max-video-preview:-1\" \/>\n<link rel=\"canonical\" href=\"https:\/\/rq-digital.com\/pt\/descargo-de-responsabilidad\/\" \/>\n<meta property=\"og:locale\" content=\"pt_PT\" \/>\n<meta property=\"og:type\" content=\"article\" \/>\n<meta property=\"og:title\" content=\"Descargo de responsabilidad\" \/>\n<meta property=\"og:url\" content=\"https:\/\/rq-digital.com\/pt\/descargo-de-responsabilidad\/\" \/>\n<meta property=\"og:site_name\" content=\"RQ DIGITAL\" \/>\n<meta name=\"twitter:card\" content=\"summary_large_image\" \/>\n<script type=\"application\/ld+json\" class=\"yoast-schema-graph\">{\"@context\":\"https:\/\/schema.org\",\"@graph\":[{\"@type\":\"WebPage\",\"@id\":\"https:\/\/rq-digital.com\/descargo-de-responsabilidad\/\",\"url\":\"https:\/\/rq-digital.com\/descargo-de-responsabilidad\/\",\"name\":\"Descargo de responsabilidad - RQ DIGITAL\",\"isPartOf\":{\"@id\":\"https:\/\/rq-digital.com\/#website\"},\"datePublished\":\"2025-08-21T18:34:42+00:00\",\"breadcrumb\":{\"@id\":\"https:\/\/rq-digital.com\/descargo-de-responsabilidad\/#breadcrumb\"},\"inLanguage\":\"pt-PT\",\"potentialAction\":[{\"@type\":\"ReadAction\",\"target\":[\"https:\/\/rq-digital.com\/descargo-de-responsabilidad\/\"]}]},{\"@type\":\"BreadcrumbList\",\"@id\":\"https:\/\/rq-digital.com\/descargo-de-responsabilidad\/#breadcrumb\",\"itemListElement\":[{\"@type\":\"ListItem\",\"position\":1,\"name\":\"Home\",\"item\":\"https:\/\/rq-digital.com\/\"},{\"@type\":\"ListItem\",\"position\":2,\"name\":\"Descargo de responsabilidad\"}]},{\"@type\":\"WebSite\",\"@id\":\"https:\/\/rq-digital.com\/#website\",\"url\":\"https:\/\/rq-digital.com\/\",\"name\":\"RQ DIGITAL\",\"description\":\"Dise\u00f1o web, SEO y branding para tu negocio\",\"publisher\":{\"@id\":\"https:\/\/rq-digital.com\/#organization\"},\"potentialAction\":[{\"@type\":\"SearchAction\",\"target\":{\"@type\":\"EntryPoint\",\"urlTemplate\":\"https:\/\/rq-digital.com\/?s={search_term_string}\"},\"query-input\":{\"@type\":\"PropertyValueSpecification\",\"valueRequired\":true,\"valueName\":\"search_term_string\"}}],\"inLanguage\":\"pt-PT\"},{\"@type\":\"Organization\",\"@id\":\"https:\/\/rq-digital.com\/#organization\",\"name\":\"RQ DIGITAL\",\"url\":\"https:\/\/rq-digital.com\/\",\"logo\":{\"@type\":\"ImageObject\",\"inLanguage\":\"pt-PT\",\"@id\":\"https:\/\/rq-digital.com\/#\/schema\/logo\/image\/\",\"url\":\"https:\/\/rq-digital.com\/wp-content\/uploads\/2025\/08\/Logo-RQ.png\",\"contentUrl\":\"https:\/\/rq-digital.com\/wp-content\/uploads\/2025\/08\/Logo-RQ.png\",\"width\":1817,\"height\":544,\"caption\":\"RQ DIGITAL\"},\"image\":{\"@id\":\"https:\/\/rq-digital.com\/#\/schema\/logo\/image\/\"}}]}<\/script>\n<!-- \/ Yoast SEO Premium plugin. -->","yoast_head_json":{"title":"Descargo de responsabilidad - RQ DIGITAL","robots":{"index":"index","follow":"follow","max-snippet":"max-snippet:-1","max-image-preview":"max-image-preview:large","max-video-preview":"max-video-preview:-1"},"canonical":"https:\/\/rq-digital.com\/pt\/descargo-de-responsabilidad\/","og_locale":"pt_PT","og_type":"article","og_title":"Descargo de responsabilidad","og_url":"https:\/\/rq-digital.com\/pt\/descargo-de-responsabilidad\/","og_site_name":"RQ DIGITAL","twitter_card":"summary_large_image","schema":{"@context":"https:\/\/schema.org","@graph":[{"@type":"WebPage","@id":"https:\/\/rq-digital.com\/descargo-de-responsabilidad\/","url":"https:\/\/rq-digital.com\/descargo-de-responsabilidad\/","name":"Descargo de responsabilidad - RQ DIGITAL","isPartOf":{"@id":"https:\/\/rq-digital.com\/#website"},"datePublished":"2025-08-21T18:34:42+00:00","breadcrumb":{"@id":"https:\/\/rq-digital.com\/descargo-de-responsabilidad\/#breadcrumb"},"inLanguage":"pt-PT","potentialAction":[{"@type":"ReadAction","target":["https:\/\/rq-digital.com\/descargo-de-responsabilidad\/"]}]},{"@type":"BreadcrumbList","@id":"https:\/\/rq-digital.com\/descargo-de-responsabilidad\/#breadcrumb","itemListElement":[{"@type":"ListItem","position":1,"name":"Home","item":"https:\/\/rq-digital.com\/"},{"@type":"ListItem","position":2,"name":"Descargo de responsabilidad"}]},{"@type":"WebSite","@id":"https:\/\/rq-digital.com\/#website","url":"https:\/\/rq-digital.com\/","name":"RQ DIGITAL","description":"Web design, SEO e branding para o seu neg\u00f3cio","publisher":{"@id":"https:\/\/rq-digital.com\/#organization"},"potentialAction":[{"@type":"SearchAction","target":{"@type":"EntryPoint","urlTemplate":"https:\/\/rq-digital.com\/?s={search_term_string}"},"query-input":{"@type":"PropertyValueSpecification","valueRequired":true,"valueName":"search_term_string"}}],"inLanguage":"pt-PT"},{"@type":"Organization","@id":"https:\/\/rq-digital.com\/#organization","name":"RQ DIGITAL","url":"https:\/\/rq-digital.com\/","logo":{"@type":"ImageObject","inLanguage":"pt-PT","@id":"https:\/\/rq-digital.com\/#\/schema\/logo\/image\/","url":"https:\/\/rq-digital.com\/wp-content\/uploads\/2025\/08\/Logo-RQ.png","contentUrl":"https:\/\/rq-digital.com\/wp-content\/uploads\/2025\/08\/Logo-RQ.png","width":1817,"height":544,"caption":"RQ DIGITAL"},"image":{"@id":"https:\/\/rq-digital.com\/#\/schema\/logo\/image\/"}}]}},"_links":{"self":[{"href":"https:\/\/rq-digital.com\/pt\/wp-json\/wp\/v2\/pages\/882","targetHints":{"allow":["GET"]}}],"collection":[{"href":"https:\/\/rq-digital.com\/pt\/wp-json\/wp\/v2\/pages"}],"about":[{"href":"https:\/\/rq-digital.com\/pt\/wp-json\/wp\/v2\/types\/page"}],"author":[{"embeddable":true,"href":"https:\/\/rq-digital.com\/pt\/wp-json\/wp\/v2\/users\/1"}],"replies":[{"embeddable":true,"href":"https:\/\/rq-digital.com\/pt\/wp-json\/wp\/v2\/comments?post=882"}],"version-history":[{"count":0,"href":"https:\/\/rq-digital.com\/pt\/wp-json\/wp\/v2\/pages\/882\/revisions"}],"wp:attachment":[{"href":"https:\/\/rq-digital.com\/pt\/wp-json\/wp\/v2\/media?parent=882"}],"curies":[{"name":"wp","href":"https:\/\/api.w.org\/{rel}","templated":true}]}}