{"id":960,"date":"2025-12-13T17:07:23","date_gmt":"2025-12-13T17:07:23","guid":{"rendered":"https:\/\/rq-digital.com\/?page_id=960"},"modified":"2025-12-13T17:18:04","modified_gmt":"2025-12-13T17:18:04","slug":"blog","status":"publish","type":"page","link":"https:\/\/rq-digital.com\/it\/blog\/","title":{"rendered":"Blog"},"content":{"rendered":"<div data-elementor-type=\"wp-page\" data-elementor-id=\"960\" class=\"elementor elementor-960\" data-elementor-post-type=\"page\">\n\t\t\t\t<div class=\"elementor-element elementor-element-e05e184 animated-slow e-flex e-con-boxed elementor-invisible e-con e-parent\" data-id=\"e05e184\" data-element_type=\"container\" data-e-type=\"container\" data-settings=\"{&quot;background_background&quot;:&quot;classic&quot;,&quot;animation&quot;:&quot;fadeIn&quot;}\">\n\t\t\t\t\t<div class=\"e-con-inner\">\n\t\t\t\t\t<\/div>\n\t\t\t\t<\/div>\n\t\t<div class=\"elementor-element elementor-element-9a556d6 animated-slow e-flex e-con-boxed elementor-invisible e-con e-parent\" data-id=\"9a556d6\" data-element_type=\"container\" data-e-type=\"container\" data-settings=\"{&quot;animation&quot;:&quot;fadeIn&quot;}\">\n\t\t\t\t\t<div class=\"e-con-inner\">\n\t\t\t\t<div class=\"elementor-element elementor-element-f26b25b elementor-grid-3 elementor-grid-tablet-2 elementor-grid-mobile-1 elementor-posts--thumbnail-top elementor-card-shadow-yes elementor-posts__hover-gradient elementor-widget elementor-widget-posts\" data-id=\"f26b25b\" data-element_type=\"widget\" data-e-type=\"widget\" data-settings=\"{&quot;pagination_type&quot;:&quot;numbers_and_prev_next&quot;,&quot;cards_columns&quot;:&quot;3&quot;,&quot;cards_columns_tablet&quot;:&quot;2&quot;,&quot;cards_columns_mobile&quot;:&quot;1&quot;,&quot;cards_row_gap&quot;:{&quot;unit&quot;:&quot;px&quot;,&quot;size&quot;:35,&quot;sizes&quot;:[]},&quot;cards_row_gap_tablet&quot;:{&quot;unit&quot;:&quot;px&quot;,&quot;size&quot;:&quot;&quot;,&quot;sizes&quot;:[]},&quot;cards_row_gap_mobile&quot;:{&quot;unit&quot;:&quot;px&quot;,&quot;size&quot;:&quot;&quot;,&quot;sizes&quot;:[]}}\" data-widget_type=\"posts.cards\">\n\t\t\t\t<div class=\"elementor-widget-container\">\n\t\t\t\t\t\t\t<div class=\"elementor-posts-container elementor-posts elementor-posts--skin-cards elementor-grid\" role=\"list\">\n\t\t\t\t<article class=\"elementor-post elementor-grid-item post-982 post type-post status-publish format-standard has-post-thumbnail hentry category-marketing-digital-efectivo\" role=\"listitem\">\n\t\t\t<div class=\"elementor-post__card\">\n\t\t\t\t<a class=\"elementor-post__thumbnail__link\" href=\"https:\/\/rq-digital.com\/it\/2025\/12\/13\/adios-a-los-gurus-los-3-mitos-del-marketing-digital-que-hacen-perder-dinero-a-las-pymes\/\" tabindex=\"-1\" ><div class=\"elementor-post__thumbnail\"><img fetchpriority=\"high\" decoding=\"async\" width=\"768\" height=\"564\" src=\"https:\/\/rq-digital.com\/wp-content\/uploads\/2025\/12\/Adios-a-los-Gurus-768x564.png\" class=\"attachment-medium_large size-medium_large wp-image-984\" alt=\"\" srcset=\"https:\/\/rq-digital.com\/wp-content\/uploads\/2025\/12\/Adios-a-los-Gurus-768x564.png 768w, https:\/\/rq-digital.com\/wp-content\/uploads\/2025\/12\/Adios-a-los-Gurus-300x220.png 300w, https:\/\/rq-digital.com\/wp-content\/uploads\/2025\/12\/Adios-a-los-Gurus-16x12.png 16w, https:\/\/rq-digital.com\/wp-content\/uploads\/2025\/12\/Adios-a-los-Gurus.png 1024w\" sizes=\"(max-width: 768px) 100vw, 768px\" \/><\/div><\/a>\n\t\t\t\t<div class=\"elementor-post__badge\">Marketing digitale efficace<\/div>\n\t\t\t\t<div class=\"elementor-post__text\">\n\t\t\t\t<h3 class=\"elementor-post__title\">\n\t\t\t<a href=\"https:\/\/rq-digital.com\/it\/2025\/12\/13\/adios-a-los-gurus-los-3-mitos-del-marketing-digital-que-hacen-perder-dinero-a-las-pymes\/\" >\n\t\t\t\t\u274c Addio ai &#034;guru&#034;: i 3 miti del marketing digitale che fanno perdere soldi alle PMI\t\t\t<\/a>\n\t\t<\/h3>\n\t\t\t\t<div class=\"elementor-post__excerpt\">\n\t\t\t<p>Il settore del marketing digitale \u00e8 pieno di promesse vuote, termini confusi e &#034;guru&#034; che promettono risultati miracolosi in 30 giorni.\t\t<\/div>\n\t\t\n\t\t<a class=\"elementor-post__read-more\" href=\"https:\/\/rq-digital.com\/it\/2025\/12\/13\/adios-a-los-gurus-los-3-mitos-del-marketing-digital-que-hacen-perder-dinero-a-las-pymes\/\" aria-label=\"Read more about \u274c Adi\u00f3s a los &#8216;Gur\u00fas&#8217;: Los 3 Mitos del Marketing Digital que Hacen Perder Dinero a las Pymes\" tabindex=\"-1\" >\n\t\t\tPer saperne di pi\u00f9 &#034;\t\t<\/a>\n\n\t\t\t\t<\/div>\n\t\t\t\t<div class=\"elementor-post__meta-data\">\n\t\t\t\t\t<span class=\"elementor-post-date\">\n\t\t\tDicembre 13, 2025\t\t<\/span>\n\t\t\t\t<span class=\"elementor-post-avatar\">\n\t\t\tNessun commento\t\t<\/span>\n\t\t\t\t<\/div>\n\t\t\t\t\t<\/div>\n\t\t<\/article>\n\t\t\t\t<article class=\"elementor-post elementor-grid-item post-976 post type-post status-publish format-standard has-post-thumbnail hentry category-diseno-web-y-conversion-ux\" role=\"listitem\">\n\t\t\t<div class=\"elementor-post__card\">\n\t\t\t\t<a class=\"elementor-post__thumbnail__link\" href=\"https:\/\/rq-digital.com\/it\/2025\/12\/13\/de-0-a-cliente-la-guia-definitiva-de-8-pasos-para-el-diseno-web-que-realmente-vende-y-no-solo-es-bonito\/\" tabindex=\"-1\" ><div class=\"elementor-post__thumbnail\"><img decoding=\"async\" width=\"768\" height=\"576\" src=\"https:\/\/rq-digital.com\/wp-content\/uploads\/2025\/12\/De-0-a-Cliente-768x576.png\" class=\"attachment-medium_large size-medium_large wp-image-978\" alt=\"\" srcset=\"https:\/\/rq-digital.com\/wp-content\/uploads\/2025\/12\/De-0-a-Cliente-768x576.png 768w, https:\/\/rq-digital.com\/wp-content\/uploads\/2025\/12\/De-0-a-Cliente-300x225.png 300w, https:\/\/rq-digital.com\/wp-content\/uploads\/2025\/12\/De-0-a-Cliente-16x12.png 16w, https:\/\/rq-digital.com\/wp-content\/uploads\/2025\/12\/De-0-a-Cliente.png 1024w\" sizes=\"(max-width: 768px) 100vw, 768px\" \/><\/div><\/a>\n\t\t\t\t<div class=\"elementor-post__badge\">Web Design e Conversione (UX)<\/div>\n\t\t\t\t<div class=\"elementor-post__text\">\n\t\t\t\t<h3 class=\"elementor-post__title\">\n\t\t\t<a href=\"https:\/\/rq-digital.com\/it\/2025\/12\/13\/de-0-a-cliente-la-guia-definitiva-de-8-pasos-para-el-diseno-web-que-realmente-vende-y-no-solo-es-bonito\/\" >\n\t\t\t\t\ud83d\udcc8 Da zero a cliente: la guida definitiva in 8 passaggi per un web design che vende davvero (e non \u00e8 solo bello)\t\t\t<\/a>\n\t\t<\/h3>\n\t\t\t\t<div class=\"elementor-post__excerpt\">\n\t\t\t<p>Oggi chiunque pu\u00f2 creare un sito web &#034;bello&#034; con i template. Ma i siti web belli non bastano a pagare le bollette.\t\t<\/div>\n\t\t\n\t\t<a class=\"elementor-post__read-more\" href=\"https:\/\/rq-digital.com\/it\/2025\/12\/13\/de-0-a-cliente-la-guia-definitiva-de-8-pasos-para-el-diseno-web-que-realmente-vende-y-no-solo-es-bonito\/\" aria-label=\"Read more about \ud83d\udcc8 De 0 a Cliente: La Gu\u00eda Definitiva de 8 Pasos para el Dise\u00f1o Web que Realmente Vende (y no Solo es Bonito)\" tabindex=\"-1\" >\n\t\t\tPer saperne di pi\u00f9 &#034;\t\t<\/a>\n\n\t\t\t\t<\/div>\n\t\t\t\t<div class=\"elementor-post__meta-data\">\n\t\t\t\t\t<span class=\"elementor-post-date\">\n\t\t\tDicembre 13, 2025\t\t<\/span>\n\t\t\t\t<span class=\"elementor-post-avatar\">\n\t\t\tNessun commento\t\t<\/span>\n\t\t\t\t<\/div>\n\t\t\t\t\t<\/div>\n\t\t<\/article>\n\t\t\t\t<article class=\"elementor-post elementor-grid-item post-961 post type-post status-publish format-standard has-post-thumbnail hentry category-estrategia-seo-posicionamiento\" role=\"listitem\">\n\t\t\t<div class=\"elementor-post__card\">\n\t\t\t\t<a class=\"elementor-post__thumbnail__link\" href=\"https:\/\/rq-digital.com\/it\/2025\/12\/13\/tu-web-te-cuesta-dinero-5-senales-de-que-tu-pagina-de-2020-2022-necesita-una-auditoria-seo-y-de-conversion-urgente\/\" tabindex=\"-1\" ><div class=\"elementor-post__thumbnail\"><img decoding=\"async\" width=\"768\" height=\"560\" src=\"https:\/\/rq-digital.com\/wp-content\/uploads\/2025\/12\/Tu-Web-te-Cuesta-Dinero-5-Senales-de-que-tu-Pagina-de-2020-2022-Necesita-una-Auditoria-SEO-y-de-Conversion-Urgente-768x560.png\" class=\"attachment-medium_large size-medium_large wp-image-967\" alt=\"\" srcset=\"https:\/\/rq-digital.com\/wp-content\/uploads\/2025\/12\/Tu-Web-te-Cuesta-Dinero-5-Senales-de-que-tu-Pagina-de-2020-2022-Necesita-una-Auditoria-SEO-y-de-Conversion-Urgente-768x560.png 768w, https:\/\/rq-digital.com\/wp-content\/uploads\/2025\/12\/Tu-Web-te-Cuesta-Dinero-5-Senales-de-que-tu-Pagina-de-2020-2022-Necesita-una-Auditoria-SEO-y-de-Conversion-Urgente-300x219.png 300w, https:\/\/rq-digital.com\/wp-content\/uploads\/2025\/12\/Tu-Web-te-Cuesta-Dinero-5-Senales-de-que-tu-Pagina-de-2020-2022-Necesita-una-Auditoria-SEO-y-de-Conversion-Urgente-16x12.png 16w, https:\/\/rq-digital.com\/wp-content\/uploads\/2025\/12\/Tu-Web-te-Cuesta-Dinero-5-Senales-de-que-tu-Pagina-de-2020-2022-Necesita-una-Auditoria-SEO-y-de-Conversion-Urgente.png 1024w\" sizes=\"(max-width: 768px) 100vw, 768px\" \/><\/div><\/a>\n\t\t\t\t<div class=\"elementor-post__badge\">Strategia e posizionamento SEO<\/div>\n\t\t\t\t<div class=\"elementor-post__text\">\n\t\t\t\t<h3 class=\"elementor-post__title\">\n\t\t\t<a href=\"https:\/\/rq-digital.com\/it\/2025\/12\/13\/tu-web-te-cuesta-dinero-5-senales-de-que-tu-pagina-de-2020-2022-necesita-una-auditoria-seo-y-de-conversion-urgente\/\" >\n\t\t\t\t\ud83d\udea8 Il tuo sito web ti sta costando denaro: 5 segnali che indicano che la tua pagina (2020-2022) ha bisogno di un audit SEO e di conversione urgente\t\t\t<\/a>\n\t\t<\/h3>\n\t\t\t\t<div class=\"elementor-post__excerpt\">\n\t\t\t<p>Pensi che il tuo sito web sia una spesa piuttosto che un investimento? Probabilmente \u00e8 stato progettato qualche anno fa (tra\t\t<\/div>\n\t\t\n\t\t<a class=\"elementor-post__read-more\" href=\"https:\/\/rq-digital.com\/it\/2025\/12\/13\/tu-web-te-cuesta-dinero-5-senales-de-que-tu-pagina-de-2020-2022-necesita-una-auditoria-seo-y-de-conversion-urgente\/\" aria-label=\"Read more about \ud83d\udea8 Tu Web te Cuesta Dinero: 5 Se\u00f1ales de que tu P\u00e1gina de (2020-2022) Necesita una Auditor\u00eda SEO y de Conversi\u00f3n Urgente\" tabindex=\"-1\" >\n\t\t\tPer saperne di pi\u00f9 &#034;\t\t<\/a>\n\n\t\t\t\t<\/div>\n\t\t\t\t<div class=\"elementor-post__meta-data\">\n\t\t\t\t\t<span class=\"elementor-post-date\">\n\t\t\tDicembre 13, 2025\t\t<\/span>\n\t\t\t\t<span class=\"elementor-post-avatar\">\n\t\t\tNessun commento\t\t<\/span>\n\t\t\t\t<\/div>\n\t\t\t\t\t<\/div>\n\t\t<\/article>\n\t\t\t\t<\/div>\n\t\t\n\t\t\t\t\t\t<\/div>\n\t\t\t\t<\/div>\n\t\t\t\t\t<\/div>\n\t\t\t\t<\/div>\n\t\t\t\t<\/div>","protected":false},"excerpt":{"rendered":"","protected":false},"author":1,"featured_media":0,"parent":0,"menu_order":0,"comment_status":"closed","ping_status":"closed","template":"","meta":{"_acf_changed":false,"_monsterinsights_skip_tracking":false,"_monsterinsights_sitenote_active":false,"_monsterinsights_sitenote_note":"","_monsterinsights_sitenote_category":0,"site-sidebar-layout":"no-sidebar","site-content-layout":"","ast-site-content-layout":"full-width-container","site-content-style":"default","site-sidebar-style":"default","ast-global-header-display":"","ast-banner-title-visibility":"","ast-main-header-display":"","ast-hfb-above-header-display":"","ast-hfb-below-header-display":"","ast-hfb-mobile-header-display":"","site-post-title":"disabled","ast-breadcrumbs-content":"","ast-featured-img":"disabled","footer-sml-layout":"","ast-disable-related-posts":"","theme-transparent-header-meta":"default","adv-header-id-meta":"","stick-header-meta":"","header-above-stick-meta":"","header-main-stick-meta":"","header-below-stick-meta":"","astra-migrate-meta-layouts":"set","ast-page-background-enabled":"default","ast-page-background-meta":{"desktop":{"background-color":"var(--ast-global-color-5)","background-image":"","background-repeat":"repeat","background-position":"center center","background-size":"auto","background-attachment":"scroll","background-type":"","background-media":"","overlay-type":"","overlay-color":"","overlay-opacity":"","overlay-gradient":""},"tablet":{"background-color":"","background-image":"","background-repeat":"repeat","background-position":"center center","background-size":"auto","background-attachment":"scroll","background-type":"","background-media":"","overlay-type":"","overlay-color":"","overlay-opacity":"","overlay-gradient":""},"mobile":{"background-color":"","background-image":"","background-repeat":"repeat","background-position":"center center","background-size":"auto","background-attachment":"scroll","background-type":"","background-media":"","overlay-type":"","overlay-color":"","overlay-opacity":"","overlay-gradient":""}},"ast-content-background-meta":{"desktop":{"background-color":"var(--ast-global-color-4)","background-image":"","background-repeat":"repeat","background-position":"center center","background-size":"auto","background-attachment":"scroll","background-type":"","background-media":"","overlay-type":"","overlay-color":"","overlay-opacity":"","overlay-gradient":""},"tablet":{"background-color":"var(--ast-global-color-4)","background-image":"","background-repeat":"repeat","background-position":"center center","background-size":"auto","background-attachment":"scroll","background-type":"","background-media":"","overlay-type":"","overlay-color":"","overlay-opacity":"","overlay-gradient":""},"mobile":{"background-color":"var(--ast-global-color-4)","background-image":"","background-repeat":"repeat","background-position":"center center","background-size":"auto","background-attachment":"scroll","background-type":"","background-media":"","overlay-type":"","overlay-color":"","overlay-opacity":"","overlay-gradient":""}},"footnotes":""},"class_list":["post-960","page","type-page","status-publish","hentry"],"acf":[],"yoast_head":"<!-- This site is optimized with the Yoast SEO Premium plugin v25.6 (Yoast SEO v27.0) - https:\/\/yoast.com\/product\/yoast-seo-premium-wordpress\/ -->\n<title>Blog - RQ DIGITAL<\/title>\n<meta name=\"robots\" content=\"index, follow, max-snippet:-1, max-image-preview:large, max-video-preview:-1\" \/>\n<link rel=\"canonical\" href=\"https:\/\/rq-digital.com\/it\/blog\/\" \/>\n<meta property=\"og:locale\" content=\"it_IT\" \/>\n<meta property=\"og:type\" content=\"article\" \/>\n<meta property=\"og:title\" content=\"Blog\" \/>\n<meta property=\"og:url\" content=\"https:\/\/rq-digital.com\/it\/blog\/\" \/>\n<meta property=\"og:site_name\" content=\"RQ DIGITAL\" \/>\n<meta property=\"article:modified_time\" content=\"2025-12-13T17:18:04+00:00\" \/>\n<meta name=\"twitter:card\" content=\"summary_large_image\" \/>\n<meta name=\"twitter:label1\" content=\"Tempo di lettura stimato\" \/>\n\t<meta name=\"twitter:data1\" content=\"3 minuti\" \/>\n<script type=\"application\/ld+json\" class=\"yoast-schema-graph\">{\"@context\":\"https:\/\/schema.org\",\"@graph\":[{\"@type\":\"WebPage\",\"@id\":\"https:\/\/rq-digital.com\/blog\/\",\"url\":\"https:\/\/rq-digital.com\/blog\/\",\"name\":\"Blog - RQ DIGITAL\",\"isPartOf\":{\"@id\":\"https:\/\/rq-digital.com\/#website\"},\"datePublished\":\"2025-12-13T17:07:23+00:00\",\"dateModified\":\"2025-12-13T17:18:04+00:00\",\"breadcrumb\":{\"@id\":\"https:\/\/rq-digital.com\/blog\/#breadcrumb\"},\"inLanguage\":\"it-IT\",\"potentialAction\":[{\"@type\":\"ReadAction\",\"target\":[\"https:\/\/rq-digital.com\/blog\/\"]}]},{\"@type\":\"BreadcrumbList\",\"@id\":\"https:\/\/rq-digital.com\/blog\/#breadcrumb\",\"itemListElement\":[{\"@type\":\"ListItem\",\"position\":1,\"name\":\"Home\",\"item\":\"https:\/\/rq-digital.com\/\"},{\"@type\":\"ListItem\",\"position\":2,\"name\":\"Blog\"}]},{\"@type\":\"WebSite\",\"@id\":\"https:\/\/rq-digital.com\/#website\",\"url\":\"https:\/\/rq-digital.com\/\",\"name\":\"RQ DIGITAL\",\"description\":\"Dise\u00f1o web, SEO y branding para tu negocio\",\"publisher\":{\"@id\":\"https:\/\/rq-digital.com\/#organization\"},\"potentialAction\":[{\"@type\":\"SearchAction\",\"target\":{\"@type\":\"EntryPoint\",\"urlTemplate\":\"https:\/\/rq-digital.com\/?s={search_term_string}\"},\"query-input\":{\"@type\":\"PropertyValueSpecification\",\"valueRequired\":true,\"valueName\":\"search_term_string\"}}],\"inLanguage\":\"it-IT\"},{\"@type\":\"Organization\",\"@id\":\"https:\/\/rq-digital.com\/#organization\",\"name\":\"RQ DIGITAL\",\"url\":\"https:\/\/rq-digital.com\/\",\"logo\":{\"@type\":\"ImageObject\",\"inLanguage\":\"it-IT\",\"@id\":\"https:\/\/rq-digital.com\/#\/schema\/logo\/image\/\",\"url\":\"https:\/\/rq-digital.com\/wp-content\/uploads\/2025\/08\/Logo-RQ.png\",\"contentUrl\":\"https:\/\/rq-digital.com\/wp-content\/uploads\/2025\/08\/Logo-RQ.png\",\"width\":1817,\"height\":544,\"caption\":\"RQ DIGITAL\"},\"image\":{\"@id\":\"https:\/\/rq-digital.com\/#\/schema\/logo\/image\/\"}}]}<\/script>\n<!-- \/ Yoast SEO Premium plugin. -->","yoast_head_json":{"title":"Blog - RQ DIGITAL","robots":{"index":"index","follow":"follow","max-snippet":"max-snippet:-1","max-image-preview":"max-image-preview:large","max-video-preview":"max-video-preview:-1"},"canonical":"https:\/\/rq-digital.com\/it\/blog\/","og_locale":"it_IT","og_type":"article","og_title":"Blog","og_url":"https:\/\/rq-digital.com\/it\/blog\/","og_site_name":"RQ DIGITAL","article_modified_time":"2025-12-13T17:18:04+00:00","twitter_card":"summary_large_image","twitter_misc":{"Tempo di lettura stimato":"3 minuti"},"schema":{"@context":"https:\/\/schema.org","@graph":[{"@type":"WebPage","@id":"https:\/\/rq-digital.com\/blog\/","url":"https:\/\/rq-digital.com\/blog\/","name":"Blog - RQ DIGITAL","isPartOf":{"@id":"https:\/\/rq-digital.com\/#website"},"datePublished":"2025-12-13T17:07:23+00:00","dateModified":"2025-12-13T17:18:04+00:00","breadcrumb":{"@id":"https:\/\/rq-digital.com\/blog\/#breadcrumb"},"inLanguage":"it-IT","potentialAction":[{"@type":"ReadAction","target":["https:\/\/rq-digital.com\/blog\/"]}]},{"@type":"BreadcrumbList","@id":"https:\/\/rq-digital.com\/blog\/#breadcrumb","itemListElement":[{"@type":"ListItem","position":1,"name":"Home","item":"https:\/\/rq-digital.com\/"},{"@type":"ListItem","position":2,"name":"Blog"}]},{"@type":"WebSite","@id":"https:\/\/rq-digital.com\/#website","url":"https:\/\/rq-digital.com\/","name":"RQ DIGITAL","description":"Web design, SEO e branding per la tua attivit\u00e0","publisher":{"@id":"https:\/\/rq-digital.com\/#organization"},"potentialAction":[{"@type":"SearchAction","target":{"@type":"EntryPoint","urlTemplate":"https:\/\/rq-digital.com\/?s={search_term_string}"},"query-input":{"@type":"PropertyValueSpecification","valueRequired":true,"valueName":"search_term_string"}}],"inLanguage":"it-IT"},{"@type":"Organization","@id":"https:\/\/rq-digital.com\/#organization","name":"RQ DIGITAL","url":"https:\/\/rq-digital.com\/","logo":{"@type":"ImageObject","inLanguage":"it-IT","@id":"https:\/\/rq-digital.com\/#\/schema\/logo\/image\/","url":"https:\/\/rq-digital.com\/wp-content\/uploads\/2025\/08\/Logo-RQ.png","contentUrl":"https:\/\/rq-digital.com\/wp-content\/uploads\/2025\/08\/Logo-RQ.png","width":1817,"height":544,"caption":"RQ DIGITAL"},"image":{"@id":"https:\/\/rq-digital.com\/#\/schema\/logo\/image\/"}}]}},"_links":{"self":[{"href":"https:\/\/rq-digital.com\/it\/wp-json\/wp\/v2\/pages\/960","targetHints":{"allow":["GET"]}}],"collection":[{"href":"https:\/\/rq-digital.com\/it\/wp-json\/wp\/v2\/pages"}],"about":[{"href":"https:\/\/rq-digital.com\/it\/wp-json\/wp\/v2\/types\/page"}],"author":[{"embeddable":true,"href":"https:\/\/rq-digital.com\/it\/wp-json\/wp\/v2\/users\/1"}],"replies":[{"embeddable":true,"href":"https:\/\/rq-digital.com\/it\/wp-json\/wp\/v2\/comments?post=960"}],"version-history":[{"count":28,"href":"https:\/\/rq-digital.com\/it\/wp-json\/wp\/v2\/pages\/960\/revisions"}],"predecessor-version":[{"id":1036,"href":"https:\/\/rq-digital.com\/it\/wp-json\/wp\/v2\/pages\/960\/revisions\/1036"}],"wp:attachment":[{"href":"https:\/\/rq-digital.com\/it\/wp-json\/wp\/v2\/media?parent=960"}],"curies":[{"name":"wp","href":"https:\/\/api.w.org\/{rel}","templated":true}]}}